{"id":198,"date":"2024-07-22T20:08:55","date_gmt":"2024-07-22T18:08:55","guid":{"rendered":"http:\/\/localhost\/fuertetuno\/?post_type=product&#038;p=198"},"modified":"2025-06-05T12:04:54","modified_gmt":"2025-06-05T10:04:54","slug":"mojo-picon-100g","status":"publish","type":"product","link":"https:\/\/preparadosleo.com\/en\/product\/mojo-picon-100g\/","title":{"rendered":"Mojo Pic\u00f3n 100g"},"content":{"rendered":"<p>Producto artesano de Preparados Leo.<\/p>\n<p>Sin Gluten.<\/p>\n<p>El mojo canario m\u00e1s famoso es el rojo, coloraci\u00f3n que le da los pimientos con los que se elabora. El mojo pic\u00f3n suele acompa\u00f1ar carnes y por supuesto las famosas papas arrugadas.<\/p>\n<p>Ingredientes: Aceite de girasol, ajo, piment\u00f3n, chili y sal.<\/p>","protected":false},"excerpt":{"rendered":"<p>Producto artesano de Preparados Leo. Sin Gluten. El mojo canario m\u00e1s famoso es el rojo, coloraci\u00f3n que le da los [&hellip;]<\/p>\n","protected":false},"featured_media":100,"template":"","meta":[],"product_brand":[],"product_cat":[18],"product_tag":[],"class_list":{"0":"post-198","1":"product","2":"type-product","3":"status-publish","4":"has-post-thumbnail","6":"product_cat-mojoscanarios","8":"first","9":"instock","10":"shipping-taxable","11":"purchasable","12":"product-type-simple"},"_links":{"self":[{"href":"https:\/\/preparadosleo.com\/en\/wp-json\/wp\/v2\/product\/198","targetHints":{"allow":["GET"]}}],"collection":[{"href":"https:\/\/preparadosleo.com\/en\/wp-json\/wp\/v2\/product"}],"about":[{"href":"https:\/\/preparadosleo.com\/en\/wp-json\/wp\/v2\/types\/product"}],"wp:featuredmedia":[{"embeddable":true,"href":"https:\/\/preparadosleo.com\/en\/wp-json\/wp\/v2\/media\/100"}],"wp:attachment":[{"href":"https:\/\/preparadosleo.com\/en\/wp-json\/wp\/v2\/media?parent=198"}],"wp:term":[{"taxonomy":"product_brand","embeddable":true,"href":"https:\/\/preparadosleo.com\/en\/wp-json\/wp\/v2\/product_brand?post=198"},{"taxonomy":"product_cat","embeddable":true,"href":"https:\/\/preparadosleo.com\/en\/wp-json\/wp\/v2\/product_cat?post=198"},{"taxonomy":"product_tag","embeddable":true,"href":"https:\/\/preparadosleo.com\/en\/wp-json\/wp\/v2\/product_tag?post=198"}],"curies":[{"name":"wp","href":"https:\/\/api.w.org\/{rel}","templated":true}]}}