{"id":193,"date":"2024-07-22T19:52:34","date_gmt":"2024-07-22T17:52:34","guid":{"rendered":"http:\/\/localhost\/fuertetuno\/?post_type=product&#038;p=193"},"modified":"2025-06-05T12:05:04","modified_gmt":"2025-06-05T10:05:04","slug":"mojo-rojo-100g","status":"publish","type":"product","link":"https:\/\/preparadosleo.com\/en\/product\/mojo-rojo-100g\/","title":{"rendered":"Mojo Rojo 100g"},"content":{"rendered":"<p>Producto artesano de Preparados Leo.<\/p>\n<p>Sin Gluten.<\/p>\n<p>Es la salsa m\u00e1s indispensable en la gastronom\u00eda canaria y se usa en platos t\u00edpicos como las papas arrugadas. Acompa\u00f1a carnes, pescado o solo para mojar pan.<\/p>\n<p>Ingredientes: Aceite de girasol, ajos, piment\u00f3n, perejil y sal.<\/p>","protected":false},"excerpt":{"rendered":"<p>Producto artesano de Preparados Leo. Sin Gluten. Es la salsa m\u00e1s indispensable en la gastronom\u00eda canaria y se usa en [&hellip;]<\/p>\n","protected":false},"featured_media":104,"template":"","meta":[],"product_brand":[],"product_cat":[18],"product_tag":[],"class_list":{"0":"post-193","1":"product","2":"type-product","3":"status-publish","4":"has-post-thumbnail","6":"product_cat-mojoscanarios","8":"first","9":"instock","10":"shipping-taxable","11":"purchasable","12":"product-type-simple"},"_links":{"self":[{"href":"https:\/\/preparadosleo.com\/en\/wp-json\/wp\/v2\/product\/193","targetHints":{"allow":["GET"]}}],"collection":[{"href":"https:\/\/preparadosleo.com\/en\/wp-json\/wp\/v2\/product"}],"about":[{"href":"https:\/\/preparadosleo.com\/en\/wp-json\/wp\/v2\/types\/product"}],"wp:featuredmedia":[{"embeddable":true,"href":"https:\/\/preparadosleo.com\/en\/wp-json\/wp\/v2\/media\/104"}],"wp:attachment":[{"href":"https:\/\/preparadosleo.com\/en\/wp-json\/wp\/v2\/media?parent=193"}],"wp:term":[{"taxonomy":"product_brand","embeddable":true,"href":"https:\/\/preparadosleo.com\/en\/wp-json\/wp\/v2\/product_brand?post=193"},{"taxonomy":"product_cat","embeddable":true,"href":"https:\/\/preparadosleo.com\/en\/wp-json\/wp\/v2\/product_cat?post=193"},{"taxonomy":"product_tag","embeddable":true,"href":"https:\/\/preparadosleo.com\/en\/wp-json\/wp\/v2\/product_tag?post=193"}],"curies":[{"name":"wp","href":"https:\/\/api.w.org\/{rel}","templated":true}]}}