{"id":153,"date":"2024-07-06T18:08:57","date_gmt":"2024-07-06T16:08:57","guid":{"rendered":"http:\/\/localhost\/fuertetuno\/?post_type=product&#038;p=153"},"modified":"2025-06-05T12:01:59","modified_gmt":"2025-06-05T10:01:59","slug":"nectar-de-tuno-cactus-sin-azucares-anadidos-25cl","status":"publish","type":"product","link":"https:\/\/preparadosleo.com\/en\/product\/nectar-de-tuno-cactus-sin-azucares-anadidos-25cl\/","title":{"rendered":"N\u00e9ctar de Tuno Cactus sin az\u00facares a\u00f1adidos 25cl"},"content":{"rendered":"<p>Producto Artesano de Preparados Leo.<\/p>\n<p>Contiene 60% de pulpa de Tuno Indio.<\/p>\n<p>Perfil nutricional aproximado por cada 100 gramos de pulpa:<\/p>\n<p>Calor\u00edas: 41 kcal, Agua: 87.6 g , Prote\u00ednas: 0.73 g , Grasas totales: 0.51 g , Grasas saturadas: 0.07 g, Grasas monoinsaturadas: 0.08 g, Grasas\u00a0 poliinsaturadas: 0.24 g, Carbohidratos: 9.57 g , Fibra diet\u00e9tica: 3.6 g, Az\u00facares: 4.0 g, Vitamina C: 14 mg (23% del Valor Diario Recomendado, VDR), Vitamina A: 43 UI (1% del VDR), Calcio: 56 mg (6% del VDR), Hierro: 0.3 mg (2% del VDR), Magnesio: 85 mg (21% del VDR), Potasio: 220 mg (6% del VDR), F\u00f3sforo: 24 mg (2% del VDR), Sodio: 5 mg. Compuestos bioactivos: antioxidantes flavonoides y betala\u00ednas.<\/p>\n<p>Ingredientes: Pulpa de Tuno 60%, agua, \u00e1cido asc\u00f3rbico (E300), sorbato de potasio (E202), \u00e1cido c\u00edtrico (E330).<\/p>","protected":false},"excerpt":{"rendered":"<p>Producto Artesano de Preparados Leo. Contiene 60% de pulpa de Tuno Indio. Perfil nutricional aproximado por cada 100 gramos de [&hellip;]<\/p>\n","protected":false},"featured_media":76,"template":"","meta":[],"product_brand":[],"product_cat":[20],"product_tag":[],"class_list":{"0":"post-153","1":"product","2":"type-product","3":"status-publish","4":"has-post-thumbnail","6":"product_cat-zumos","8":"first","9":"instock","10":"shipping-taxable","11":"purchasable","12":"product-type-simple"},"_links":{"self":[{"href":"https:\/\/preparadosleo.com\/en\/wp-json\/wp\/v2\/product\/153","targetHints":{"allow":["GET"]}}],"collection":[{"href":"https:\/\/preparadosleo.com\/en\/wp-json\/wp\/v2\/product"}],"about":[{"href":"https:\/\/preparadosleo.com\/en\/wp-json\/wp\/v2\/types\/product"}],"wp:featuredmedia":[{"embeddable":true,"href":"https:\/\/preparadosleo.com\/en\/wp-json\/wp\/v2\/media\/76"}],"wp:attachment":[{"href":"https:\/\/preparadosleo.com\/en\/wp-json\/wp\/v2\/media?parent=153"}],"wp:term":[{"taxonomy":"product_brand","embeddable":true,"href":"https:\/\/preparadosleo.com\/en\/wp-json\/wp\/v2\/product_brand?post=153"},{"taxonomy":"product_cat","embeddable":true,"href":"https:\/\/preparadosleo.com\/en\/wp-json\/wp\/v2\/product_cat?post=153"},{"taxonomy":"product_tag","embeddable":true,"href":"https:\/\/preparadosleo.com\/en\/wp-json\/wp\/v2\/product_tag?post=153"}],"curies":[{"name":"wp","href":"https:\/\/api.w.org\/{rel}","templated":true}]}}