{"id":149,"date":"2024-07-06T16:46:26","date_gmt":"2024-07-06T14:46:26","guid":{"rendered":"http:\/\/localhost\/fuertetuno\/?post_type=product&#038;p=149"},"modified":"2025-06-05T12:03:29","modified_gmt":"2025-06-05T10:03:29","slug":"mermelada-de-nopal-con-naranja-250g","status":"publish","type":"product","link":"https:\/\/preparadosleo.com\/en\/product\/mermelada-de-nopal-con-naranja-250g\/","title":{"rendered":"Mermelada de Nopal con Naranja 250g"},"content":{"rendered":"<p>Producto Artesano de Preparados Leo.<\/p>\n<p>Sin Gluten.<\/p>\n<p>Valores nutricionales aproximados por cada 100 gramos de Nopal crudo:<\/p>\n<p>Calor\u00edas: 16 kcal, Agua: 93.0 g, Prote\u00ednas: 1.32 g, Grasas totales: 0.09 g, Grasas saturadas: 0.015 g, Grasas monoinsaturadas: 0.018 g, Grasas poliinsaturadas: 0.042 g, Carbohidratos: 3.33 g, Fibra diet\u00e9tica: 2.2 g, Az\u00facares: 1.0 g, Vitamina C: 9.3 mg (16% del Valor Diario Recomendado, VDR)<br \/>\nVitamina A: 20 \u00b5g (2% del VDR), Calcio: 164 mg (16% del VDR), Hierro: 0.59 mg (7% del VDR), Magnesio: 52 mg (13% del VDR), Potasio: 257 mg (7% del VDR), F\u00f3sforo: 16 mg (2% del VDR), Sodio: 3 mg .Antioxidantes: Incluye flavonoides y betala\u00ednas, Fibra Mucilaginosa, \u00c1cidos Grasos Omega-3 y Omega-6.<\/p>\n<p>Ingredientes: Nopal, naranja, az\u00facar, (E300) antioxidante, (E202) conservante, (E330) acidulante. Contenido total en az\u00facares 50g por 100g de fruta.<\/p>","protected":false},"excerpt":{"rendered":"<p>Producto Artesano de Preparados Leo. Sin Gluten. Valores nutricionales aproximados por cada 100 gramos de Nopal crudo: Calor\u00edas: 16 kcal, [&hellip;]<\/p>\n","protected":false},"featured_media":64,"template":"","meta":[],"product_brand":[],"product_cat":[17],"product_tag":[],"class_list":{"0":"post-149","1":"product","2":"type-product","3":"status-publish","4":"has-post-thumbnail","6":"product_cat-mermeladas","8":"first","9":"instock","10":"shipping-taxable","11":"purchasable","12":"product-type-simple"},"_links":{"self":[{"href":"https:\/\/preparadosleo.com\/en\/wp-json\/wp\/v2\/product\/149","targetHints":{"allow":["GET"]}}],"collection":[{"href":"https:\/\/preparadosleo.com\/en\/wp-json\/wp\/v2\/product"}],"about":[{"href":"https:\/\/preparadosleo.com\/en\/wp-json\/wp\/v2\/types\/product"}],"wp:featuredmedia":[{"embeddable":true,"href":"https:\/\/preparadosleo.com\/en\/wp-json\/wp\/v2\/media\/64"}],"wp:attachment":[{"href":"https:\/\/preparadosleo.com\/en\/wp-json\/wp\/v2\/media?parent=149"}],"wp:term":[{"taxonomy":"product_brand","embeddable":true,"href":"https:\/\/preparadosleo.com\/en\/wp-json\/wp\/v2\/product_brand?post=149"},{"taxonomy":"product_cat","embeddable":true,"href":"https:\/\/preparadosleo.com\/en\/wp-json\/wp\/v2\/product_cat?post=149"},{"taxonomy":"product_tag","embeddable":true,"href":"https:\/\/preparadosleo.com\/en\/wp-json\/wp\/v2\/product_tag?post=149"}],"curies":[{"name":"wp","href":"https:\/\/api.w.org\/{rel}","templated":true}]}}