{"id":147,"date":"2024-07-06T15:12:17","date_gmt":"2024-07-06T13:12:17","guid":{"rendered":"http:\/\/localhost\/fuertetuno\/?post_type=product&#038;p=147"},"modified":"2025-06-05T12:03:35","modified_gmt":"2025-06-05T10:03:35","slug":"mermelada-de-tuno-indio-250g","status":"publish","type":"product","link":"https:\/\/preparadosleo.com\/en\/product\/mermelada-de-tuno-indio-250g\/","title":{"rendered":"Mermelada de Tuno Indio 250g"},"content":{"rendered":"<p>Producto Artesano de Preparados Leo.<\/p>\n<p>Sin Gluten.<\/p>\n<p>Perfil nutricional aproximado por cada 100 gramos de pulpa:<\/p>\n<p>Calor\u00edas: 41 kcal, Agua: 87.6 g , Prote\u00ednas: 0.73 g , Grasas totales: 0.51 g , Grasas saturadas: 0.07 g, Grasas monoinsaturadas: 0.08 g, Grasas\u00a0 poliinsaturadas: 0.24 g, Carbohidratos: 9.57 g , Fibra diet\u00e9tica: 3.6 g, Az\u00facares: 4.0 g, Vitamina C: 14 mg (23% del Valor Diario Recomendado, VDR), Vitamina A: 43 UI (1% del VDR), Calcio: 56 mg (6% del VDR), Hierro: 0.3 mg (2% del VDR), Magnesio: 85 mg (21% del VDR), Potasio: 220 mg (6% del VDR), F\u00f3sforo: 24 mg (2% del VDR), Sodio: 5 mg<\/p>\n<p>Adem\u00e1s de estos nutrientes principales, el tuno indio tambi\u00e9n contiene otros compuestos bioactivos como antioxidantes (flavonoides y betala\u00ednas), que contribuyen a sus beneficios para la salud.<\/p>\n<p>Ingredientes: Tunos, Az\u00facar, Aroma de Guayaba, (E300) Antioxidante, (E202) Conservante, (E330) Acidulante . Contenido total en az\u00facares 50g por 100g de fruta<\/p>\n<p>&nbsp;<\/p>\n<p>&nbsp;<\/p>","protected":false},"excerpt":{"rendered":"<p>Producto Artesano de Preparados Leo. Sin Gluten. Perfil nutricional aproximado por cada 100 gramos de pulpa: Calor\u00edas: 41 kcal, Agua: [&hellip;]<\/p>\n","protected":false},"featured_media":21,"template":"","meta":[],"product_brand":[],"product_cat":[17],"product_tag":[],"class_list":{"0":"post-147","1":"product","2":"type-product","3":"status-publish","4":"has-post-thumbnail","6":"product_cat-mermeladas","8":"first","9":"instock","10":"shipping-taxable","11":"purchasable","12":"product-type-simple"},"_links":{"self":[{"href":"https:\/\/preparadosleo.com\/en\/wp-json\/wp\/v2\/product\/147","targetHints":{"allow":["GET"]}}],"collection":[{"href":"https:\/\/preparadosleo.com\/en\/wp-json\/wp\/v2\/product"}],"about":[{"href":"https:\/\/preparadosleo.com\/en\/wp-json\/wp\/v2\/types\/product"}],"wp:featuredmedia":[{"embeddable":true,"href":"https:\/\/preparadosleo.com\/en\/wp-json\/wp\/v2\/media\/21"}],"wp:attachment":[{"href":"https:\/\/preparadosleo.com\/en\/wp-json\/wp\/v2\/media?parent=147"}],"wp:term":[{"taxonomy":"product_brand","embeddable":true,"href":"https:\/\/preparadosleo.com\/en\/wp-json\/wp\/v2\/product_brand?post=147"},{"taxonomy":"product_cat","embeddable":true,"href":"https:\/\/preparadosleo.com\/en\/wp-json\/wp\/v2\/product_cat?post=147"},{"taxonomy":"product_tag","embeddable":true,"href":"https:\/\/preparadosleo.com\/en\/wp-json\/wp\/v2\/product_tag?post=147"}],"curies":[{"name":"wp","href":"https:\/\/api.w.org\/{rel}","templated":true}]}}