{"id":59202,"date":"2017-05-18T10:10:21","date_gmt":"2017-05-18T08:10:21","guid":{"rendered":"https:\/\/undsgn.com\/uncode\/?page_id=59202"},"modified":"2025-11-02T16:59:36","modified_gmt":"2025-11-02T15:59:36","slug":"contacto","status":"publish","type":"page","link":"https:\/\/preparadosleo.com\/en\/contacto\/","title":{"rendered":"Contacto"},"content":{"rendered":"<div class=\"wpb-content-wrapper\"><div data-parent=\"true\" class=\"vc_row style-back_color-199418-bg row-container\" id=\"row-unique-0\"><div class=\"row no-top-padding no-bottom-padding single-h-padding limit-width row-parent\"><div class=\"wpb_row row-inner\"><div class=\"wpb_column pos-top pos-center align_left column_parent col-lg-12 single-internal-gutter\"><div class=\"uncol style-light shift_y_neg_triple shift_y_fixed\"  ><div class=\"uncoltable\"><div class=\"uncell double-block-padding style-color-xsdn-bg\" ><div class=\"uncont\" ><div class=\"vc_row row-internal row-container\"><div class=\"row unequal col-no-gutter row-child\"><div class=\"wpb_row row-inner\"><div class=\"wpb_column pos-middle pos-center align_center column_child col-lg-3 col-md-25 single-internal-gutter\"><div class=\"uncol style-light\" ><div class=\"uncoltable\"><div class=\"uncell  vc_custom_1604506694314 border-color-gyho-color double-block-padding\" style=\"border-style: solid;border-right-width: 1px ;\" ><div class=\"uncont\" ><div class=\"vc_custom_heading_wrap\"><div class=\"heading-text el-text\" ><\/div><div class=\"clear\"><\/div><\/div><\/div><\/div><\/div><\/div><\/div><div class=\"wpb_column pos-middle pos-center align_left align_center_mobile column_child col-lg-9 col-md-75 single-internal-gutter\"><div class=\"uncol style-light\" ><div class=\"uncoltable\"><div class=\"uncell double-block-padding\" ><div class=\"uncont\" ><div class=\"vc_custom_heading_wrap\"><div class=\"heading-text el-text\" ><h2 class=\"font-weight-400\" ><span>Estamos en Fuerteventura, Islas Canarias.<\/span><\/h2><\/div><div class=\"clear\"><\/div><\/div><\/div><\/div><\/div><\/div><\/div><\/div><\/div><\/div><\/div><\/div><\/div><\/div><\/div><script id=\"script-row-unique-0\" data-row=\"script-row-unique-0\" type=\"text\/javascript\" class=\"vc_controls\">UNCODE.initRow(document.getElementById(\"row-unique-0\"));<\/script><\/div><\/div><\/div><div data-parent=\"true\" class=\"vc_row row-container\" id=\"row-unique-1\"><div class=\"row no-top-padding no-bottom-padding single-h-padding limit-width row-parent\"><div class=\"wpb_row row-inner\"><div class=\"wpb_column pos-top pos-center align_left align_center_mobile column_parent col-lg-12 half-internal-gutter\"><div class=\"uncol style-light font-165032\"  ><div class=\"uncoltable\"><div class=\"uncell\" ><div class=\"uncont no-block-padding col-custom-width\" style=\" max-width:804px;\" ><div class=\"uncode_text_column text-lead\" ><p>Puedes visitarnos en el mercadillo del zool\u00f3gico de La Lajita todos los domingos de 8:00h a 13:00h. Aqu\u00ed podr\u00e1s degustar nuestros productos, conocer m\u00e1s sobre nuestra historia y llevarte un pedacito de Fuerteventura a casa.<\/p>\n<p>Si deseas m\u00e1s informaci\u00f3n o realizar pedidos, cont\u00e1ctanos a trav\u00e9s de nuestro correo electr\u00f3nico o redes sociales.<\/p>\n<\/div><\/div><\/div><\/div><\/div><\/div><script id=\"script-row-unique-1\" data-row=\"script-row-unique-1\" type=\"text\/javascript\" class=\"vc_controls\">UNCODE.initRow(document.getElementById(\"row-unique-1\"));<\/script><\/div><\/div><\/div><div data-parent=\"true\" class=\"vc_row limit-width row-container\" id=\"row-unique-2\"><div class=\"row double-top-padding no-bottom-padding no-h-padding row-parent\" data-height-ratio=\"50\" data-minheight=\"300\"><div class=\"wpb_row row-inner\"><div class=\"wpb_column pos-top pos-left align_left column_parent col-lg-12 single-internal-gutter\"><div class=\"uncol style-light unexpand\"  ><div class=\"uncoltable\"><div class=\"uncell no-block-padding\" ><div class=\"uncont\" ><div class=\"uncode_text_column\" ><div class=\"wpb_gmaps_widget wpb_content_element vc_custom_1743769670157\"><div class=\"wpb_wrapper\"><div class=\"wpb_map_wraper\"><iframe loading=\"lazy\" src=\"https:\/\/maps.google.com\/maps?q=Oasis%20Wildlife%2C%20Museo%20del%20Campo%20Majorero%2C%20Carr.%20Gral.%20Jand%C3%ADa%2C%20s%2Fn%2C%2035627%20La%20Lajita%2C%20Las%20Palmas&#038;t=k&#038;z=15&#038;output=embed&#038;iwloc=near\" title=\"Oasis Wildlife, Museo del Campo Majorero, Carr. Gral. Jand\u00eda, s\/n, 35627 La Lajita, Las Palmas\" aria-label=\"Oasis Wildlife, Museo del Campo Majorero, Carr. Gral. Jand\u00eda, s\/n, 35627 La Lajita, Las Palmas\" height=\"600\" ><\/iframe><\/div><\/div><\/div>\n<\/div><\/div><\/div><\/div><\/div><\/div><script id=\"script-row-unique-2\" data-row=\"script-row-unique-2\" type=\"text\/javascript\" class=\"vc_controls\">UNCODE.initRow(document.getElementById(\"row-unique-2\"));<\/script><\/div><\/div><\/div><div data-parent=\"true\" class=\"vc_row row-container\" id=\"row-unique-3\"><div class=\"row unequal col-no-gutter triple-top-padding triple-bottom-padding single-h-padding limit-width row-parent\"><div class=\"wpb_row row-inner\"><div class=\"wpb_column pos-top pos-center align_center column_parent col-lg-6 col-md-33 half-internal-gutter\"><div class=\"uncol style-light font-165032\"  ><div class=\"uncoltable\"><div class=\"uncell  vc_custom_1495111950280 border-color-gyho-color double-block-padding\" style=\"border-style: solid;border-right-width: 1px ;\" ><div class=\"uncont\" ><div class=\"icon-box icon-box-top\" ><div class=\"icon-box-icon fa-container\"><span class=\"text-color-wvjs-color btn-disable-hover\"><i class=\"fa fa-desktop2 fa-3x fa-fw\"><\/i><\/span><\/div><div class=\"icon-box-content\"><div class=\"icon-box-heading icon-box-fa-3x\"><h3 class=\"h2 font-weight-400\">Correo electr\u00f3nico<\/h3><\/div><\/div><\/div><div class=\"uncode_text_column text-lead\" ><p>pedidos@preparadosleo.com<\/p>\n<\/div><\/div><\/div><\/div><\/div><\/div><script id=\"script-row-unique-3\" data-row=\"script-row-unique-3\" type=\"text\/javascript\" class=\"vc_controls\">UNCODE.initRow(document.getElementById(\"row-unique-3\"));<\/script><\/div><\/div><\/div>\n<\/div>","protected":false},"excerpt":{"rendered":"Estamos en Fuerteventura, Islas Canarias.Puedes visitarnos en el mercadillo del zool\u00f3gico de La Lajita todos los domingos de 8:00h a [...]","protected":false},"author":1,"featured_media":0,"parent":0,"menu_order":0,"comment_status":"closed","ping_status":"closed","template":"","meta":{"footnotes":""},"class_list":["post-59202","page","type-page","status-publish","hentry"],"_links":{"self":[{"href":"https:\/\/preparadosleo.com\/en\/wp-json\/wp\/v2\/pages\/59202","targetHints":{"allow":["GET"]}}],"collection":[{"href":"https:\/\/preparadosleo.com\/en\/wp-json\/wp\/v2\/pages"}],"about":[{"href":"https:\/\/preparadosleo.com\/en\/wp-json\/wp\/v2\/types\/page"}],"author":[{"embeddable":true,"href":"https:\/\/preparadosleo.com\/en\/wp-json\/wp\/v2\/users\/1"}],"replies":[{"embeddable":true,"href":"https:\/\/preparadosleo.com\/en\/wp-json\/wp\/v2\/comments?post=59202"}],"version-history":[{"count":10,"href":"https:\/\/preparadosleo.com\/en\/wp-json\/wp\/v2\/pages\/59202\/revisions"}],"predecessor-version":[{"id":156030,"href":"https:\/\/preparadosleo.com\/en\/wp-json\/wp\/v2\/pages\/59202\/revisions\/156030"}],"wp:attachment":[{"href":"https:\/\/preparadosleo.com\/en\/wp-json\/wp\/v2\/media?parent=59202"}],"curies":[{"name":"wp","href":"https:\/\/api.w.org\/{rel}","templated":true}]}}