{"id":56971,"date":"2017-05-05T11:55:57","date_gmt":"2017-05-05T09:55:57","guid":{"rendered":"https:\/\/undsgn.com\/uncode\/?page_id=56971"},"modified":"2025-11-10T12:20:04","modified_gmt":"2025-11-10T11:20:04","slug":"sobre-nosotros","status":"publish","type":"page","link":"https:\/\/preparadosleo.com\/en\/sobre-nosotros\/","title":{"rendered":"About us"},"content":{"rendered":"<div class=\"wpb-content-wrapper\"><div data-parent=\"true\" class=\"vc_row style-back_color-141723-bg row-container\" id=\"row-unique-0\"><div class=\"row no-top-padding no-bottom-padding single-h-padding limit-width row-parent\"><div class=\"wpb_row row-inner\"><div class=\"wpb_column pos-top pos-center align_left column_parent col-lg-12 single-internal-gutter\"><div class=\"uncol style-light shift_y_neg_triple shift_y_fixed\"  ><div class=\"uncoltable\"><div class=\"uncell double-block-padding style-color-xsdn-bg\" ><div class=\"uncont\" ><div class=\"vc_row row-internal row-container\"><div class=\"row unequal col-no-gutter row-child\"><div class=\"wpb_row row-inner\"><div class=\"wpb_column pos-middle pos-center align_center column_child col-lg-3 col-md-25 single-internal-gutter\"><div class=\"uncol style-light\" ><div class=\"uncoltable\"><div class=\"uncell  vc_custom_1623402307846 vc_custom_preserve_tablet border-color-gyho-color double-block-padding\" style=\"border-style: solid;border-right-width: 1px ;\" ><div class=\"uncont\" ><div class=\"vc_custom_heading_wrap\"><div class=\"heading-text el-text\" ><\/div><div class=\"clear\"><\/div><\/div><\/div><\/div><\/div><\/div><\/div><div class=\"wpb_column pos-middle pos-center align_left align_center_mobile column_child col-lg-9 col-md-75 single-internal-gutter\"><div class=\"uncol style-light\" ><div class=\"uncoltable\"><div class=\"uncell double-block-padding\" ><div class=\"uncont\" ><div class=\"vc_custom_heading_wrap\"><div class=\"heading-text el-text\" ><h2 class=\"font-weight-400\" ><span>\u00bfQui\u00e9nes somos?<\/span><\/h2><\/div><div class=\"clear\"><\/div><\/div><\/div><\/div><\/div><\/div><\/div><\/div><\/div><\/div><\/div><\/div><\/div><\/div><\/div><script id=\"script-row-unique-0\" data-row=\"script-row-unique-0\" type=\"text\/javascript\" class=\"vc_controls\">UNCODE.initRow(document.getElementById(\"row-unique-0\"));<\/script><\/div><\/div><\/div><div data-parent=\"true\" class=\"vc_row row-container\" id=\"row-unique-1\"><div class=\"row no-top-padding no-bottom-padding single-h-padding limit-width row-parent\"><div class=\"wpb_row row-inner\"><div class=\"wpb_column pos-top pos-center align_left align_center_mobile column_parent col-lg-12 half-internal-gutter\"><div class=\"uncol style-light font-165032\"  ><div class=\"uncoltable\"><div class=\"uncell\" ><div class=\"uncont no-block-padding col-custom-width\" style=\" max-width:804px;\" ><div class=\"uncode_text_column text-lead\" ><p>Fuertetuno S.L. and Preparados Leo are Leo and F\u00e1tima, two passionate entrepreneurs who, after years of experience in restaurant and hotel kitchens, decided to change our lives in 2013 and create something unique. We embarked on the exciting journey of producing fresh, natural, and flavorful food, straight from the land of Fuerteventura to your table! With our hands and hearts put into every product, we strive to offer you the best of the island in every bottle and jar.<\/p>\n<\/div><\/div><\/div><\/div><\/div><\/div><script id=\"script-row-unique-1\" data-row=\"script-row-unique-1\" type=\"text\/javascript\" class=\"vc_controls\">UNCODE.initRow(document.getElementById(\"row-unique-1\"));<\/script><\/div><\/div><\/div><div data-parent=\"true\" class=\"vc_row row-container\" id=\"row-unique-2\"><div class=\"row no-top-padding triple-bottom-padding single-h-padding limit-width row-parent\"><div class=\"wpb_row row-inner\"><div class=\"wpb_column pos-top pos-center align_left column_parent col-lg-12 single-internal-gutter\"><div class=\"uncol style-light\"  ><div class=\"uncoltable\"><div class=\"uncell no-block-padding\" ><div class=\"uncont\" ><div class=\"empty-space empty-half\" ><span class=\"empty-space-inner\"><\/span><\/div>\n\n\t<div class=\"wpb_raw_code wpb_raw_html\" >\n\t\t<div class=\"wpb_wrapper\">\n\t\t\t<iframe width=\"560\" height=\"315\" src=\"https:\/\/www.youtube.com\/embed\/Ejg1GXVinNc?si=pMstDRCuAI2TXf-j\" title=\"YouTube video player\" frameborder=\"0\" allow=\"accelerometer; autoplay; clipboard-write; encrypted-media; gyroscope; picture-in-picture; web-share\" referrerpolicy=\"strict-origin-when-cross-origin\" allowfullscreen><\/iframe>\n\t\t<\/div>\n\t<\/div>\n<\/div><\/div><\/div><\/div><\/div><script id=\"script-row-unique-2\" data-row=\"script-row-unique-2\" type=\"text\/javascript\" class=\"vc_controls\">UNCODE.initRow(document.getElementById(\"row-unique-2\"));<\/script><\/div><\/div><\/div><div data-parent=\"true\" class=\"vc_row row-container\" id=\"row-unique-3\"><div class=\"row no-top-padding triple-bottom-padding single-h-padding limit-width row-parent\"><div class=\"wpb_row row-inner\"><div class=\"wpb_column pos-top pos-center align_left align_center_mobile column_parent col-lg-12 double-internal-gutter\"><div class=\"uncol style-light font-165032\"  ><div class=\"uncoltable\"><div class=\"uncell\" ><div class=\"uncont no-block-padding col-custom-width\" style=\" max-width:804px;\" ><div class=\"vc_row row-internal row-container\"><div class=\"row row-child\"><div class=\"wpb_row row-inner\"><div class=\"wpb_column pos-top pos-center align_center column_child col-lg-12 half-internal-gutter\"><div class=\"uncol style-light\" ><div class=\"uncoltable\"><div class=\"uncell no-block-padding\" ><div class=\"uncont\" ><div class=\"vc_custom_heading_wrap\"><div class=\"heading-text el-text\" ><h1 class=\"h1 font-weight-400\" ><span>Nuestra Historia<\/span><\/h1><\/div><div class=\"clear\"><\/div><\/div><\/div><\/div><\/div><\/div><\/div><\/div><\/div><\/div><div class=\"uncode_text_column text-lead\" ><p>La aventura de Fuertetuno S.L. comenz\u00f3 en marzo de 2013, pero todo empez\u00f3 mucho antes. Durante a\u00f1os trabajamos como cocineros, pero un d\u00eda decidimos dejar atr\u00e1s la rutina y seguir nuestro sue\u00f1o de crear una peque\u00f1a empresa artesanal. \u00bfEl secreto? Trabajar con lo que m\u00e1s nos gusta: la tierra. Comenzamos a experimentar con el zumo de Granadas y luego pasamos al Tuno Indio, una fruta m\u00e1gica y llena de vida, y pronto nos convertimos en los pioneros de Espa\u00f1a en producir Zumo de Tuno, Mermelada de Tuno y Mermelada de Nopal. Hoy, 12 a\u00f1os despu\u00e9s, seguimos con la misma pasi\u00f3n y dedicaci\u00f3n que al principio, compartiendo lo mejor de nuestra finca con todos ustedes.<\/p>\n<p>We were the first in Spain to produce Indian Prickly Pear Juice, Prickly Pear Jam and Cactus Jam, and we are still innovating!<\/p>\n<p>Cada producto que creamos est\u00e1 hecho con frutas frescas, cultivadas de manera ecol\u00f3gica en nuestra finca en Marcos S\u00e1nchez, Fuerteventura.<\/p>\n<p>Nuestros productos son completamente naturales y libres de ingredientes artificiales como huevos, leche o mayonesa.<\/p>\n<p>Nos enorgullece decir que tenemos m\u00e1s de 4000 plantas de Tuno Indio, que son la base de nuestra producci\u00f3n, cultivadas con cuidado y respeto por la tierra.<\/p>\n<p>Todo lo que elaboramos es artesanal y hecho con mucho amor, buscando siempre ese sabor \u00fanico que nos caracteriza.<\/p>\n<\/div><\/div><\/div><\/div><\/div><\/div><script id=\"script-row-unique-3\" data-row=\"script-row-unique-3\" type=\"text\/javascript\" class=\"vc_controls\">UNCODE.initRow(document.getElementById(\"row-unique-3\"));<\/script><\/div><\/div><\/div><div data-parent=\"true\" class=\"vc_row row-container\" id=\"row-unique-4\"><div class=\"row no-top-padding triple-bottom-padding single-h-padding limit-width row-parent\"><div class=\"wpb_row row-inner\"><div class=\"wpb_column pos-top pos-center align_left align_center_mobile column_parent col-lg-12 double-internal-gutter\"><div class=\"uncol style-light font-165032\"  ><div class=\"uncoltable\"><div class=\"uncell\" ><div class=\"uncont no-block-padding col-custom-width\" style=\" max-width:804px;\" ><div class=\"vc_row row-internal row-container\"><div class=\"row row-child\"><div class=\"wpb_row row-inner\"><div class=\"wpb_column pos-top pos-center align_center column_child col-lg-12 half-internal-gutter\"><div class=\"uncol style-light\" ><div class=\"uncoltable\"><div class=\"uncell no-block-padding\" ><div class=\"uncont\" ><div class=\"vc_custom_heading_wrap\"><div class=\"heading-text el-text\" ><h1 class=\"h1 font-weight-400\" ><span>Nuestra Motivaci\u00f3n<\/span><\/h1><\/div><div class=\"clear\"><\/div><\/div><\/div><\/div><\/div><\/div><\/div><\/div><\/div><\/div><div class=\"uncode_text_column text-lead\" ><p>Lo que nos mueve cada d\u00eda es ver c\u00f3mo nuestros productos contribuyen a mejorar la salud de las personas. El Tuno Indio, nuestro tesoro local, es una fruta cargada de 62 propiedades nutricionales comprobadas por an\u00e1lisis de laboratorio. Lo sabemos porque lo hemos vivido de cerca: hemos visto c\u00f3mo nuestros zumos han ayudado a personas a mejorar su salud, desde combatir la anemia hasta mejorar su bienestar general. Nos llena de satisfacci\u00f3n ver c\u00f3mo tanta gente agradece los beneficios de un alimento tan poderoso. Para nosotros, no se trata solo de vender productos, sino de ofrecer un pedazo de naturaleza y bienestar en cada botella y frasco.<\/p>\n<\/div><\/div><\/div><\/div><\/div><\/div><script id=\"script-row-unique-4\" data-row=\"script-row-unique-4\" type=\"text\/javascript\" class=\"vc_controls\">UNCODE.initRow(document.getElementById(\"row-unique-4\"));<\/script><\/div><\/div><\/div>\n<\/div>","protected":false},"excerpt":{"rendered":"\u00bfQui\u00e9nes somos?Fuertetuno S.L. y Preparados Leo somos Leo y F\u00e1tima, dos apasionados emprendedores que, despu\u00e9s de a\u00f1os de experiencia en [...]","protected":false},"author":1,"featured_media":0,"parent":0,"menu_order":0,"comment_status":"closed","ping_status":"closed","template":"","meta":{"footnotes":""},"class_list":["post-56971","page","type-page","status-publish","hentry"],"_links":{"self":[{"href":"https:\/\/preparadosleo.com\/en\/wp-json\/wp\/v2\/pages\/56971","targetHints":{"allow":["GET"]}}],"collection":[{"href":"https:\/\/preparadosleo.com\/en\/wp-json\/wp\/v2\/pages"}],"about":[{"href":"https:\/\/preparadosleo.com\/en\/wp-json\/wp\/v2\/types\/page"}],"author":[{"embeddable":true,"href":"https:\/\/preparadosleo.com\/en\/wp-json\/wp\/v2\/users\/1"}],"replies":[{"embeddable":true,"href":"https:\/\/preparadosleo.com\/en\/wp-json\/wp\/v2\/comments?post=56971"}],"version-history":[{"count":16,"href":"https:\/\/preparadosleo.com\/en\/wp-json\/wp\/v2\/pages\/56971\/revisions"}],"predecessor-version":[{"id":156035,"href":"https:\/\/preparadosleo.com\/en\/wp-json\/wp\/v2\/pages\/56971\/revisions\/156035"}],"wp:attachment":[{"href":"https:\/\/preparadosleo.com\/en\/wp-json\/wp\/v2\/media?parent=56971"}],"curies":[{"name":"wp","href":"https:\/\/api.w.org\/{rel}","templated":true}]}}