{"id":155977,"date":"2025-04-04T12:56:29","date_gmt":"2025-04-04T10:56:29","guid":{"rendered":"https:\/\/preparadosleo.com\/?page_id=155977"},"modified":"2025-11-02T16:50:21","modified_gmt":"2025-11-02T15:50:21","slug":"el-tuno-indio","status":"publish","type":"page","link":"https:\/\/preparadosleo.com\/en\/el-tuno-indio\/","title":{"rendered":"The Indian Tuno"},"content":{"rendered":"<div class=\"wpb-content-wrapper\"><div data-parent=\"true\" class=\"vc_row style-back_color-198365-bg row-container\" id=\"row-unique-0\"><div class=\"row no-top-padding no-bottom-padding single-h-padding limit-width row-parent\"><div class=\"wpb_row row-inner\"><div class=\"wpb_column pos-top pos-center align_left column_parent col-lg-12 single-internal-gutter\"><div class=\"uncol style-light shift_y_neg_triple shift_y_fixed\"  ><div class=\"uncoltable\"><div class=\"uncell double-block-padding style-color-xsdn-bg\" ><div class=\"uncont\" ><div class=\"vc_row row-internal row-container\"><div class=\"row unequal col-no-gutter row-child\"><div class=\"wpb_row row-inner\"><div class=\"wpb_column pos-middle pos-center align_center column_child col-lg-3 col-md-25 single-internal-gutter\"><div class=\"uncol style-light\" ><div class=\"uncoltable\"><div class=\"uncell  vc_custom_1623402307846 vc_custom_preserve_tablet border-color-gyho-color double-block-padding\" style=\"border-style: solid;border-right-width: 1px ;\" ><div class=\"uncont\" ><div class=\"vc_custom_heading_wrap\"><div class=\"heading-text el-text\" ><h3 class=\"h3 font-weight-400 text-uppercase\" ><span>Tuno Indio<\/span><\/h3><\/div><div class=\"clear\"><\/div><\/div><\/div><\/div><\/div><\/div><\/div><div class=\"wpb_column pos-middle pos-center align_left align_center_mobile column_child col-lg-9 col-md-75 single-internal-gutter\"><div class=\"uncol style-light\" ><div class=\"uncoltable\"><div class=\"uncell double-block-padding\" ><div class=\"uncont\" ><div class=\"vc_custom_heading_wrap\"><div class=\"heading-text el-text\" ><h2 class=\"font-weight-400\" ><span><em>Opuntia ficus-indica<\/em>, tambi\u00e9n conocido como nopal, chumbera o higo chumbo, es una planta cact\u00e1cea de gran importancia ecol\u00f3gica, nutricional y cultural en diversas partes del mundo.<\/span><\/h2><\/div><div class=\"clear\"><\/div><\/div><\/div><\/div><\/div><\/div><\/div><\/div><\/div><\/div><\/div><\/div><\/div><\/div><\/div><script id=\"script-row-unique-0\" data-row=\"script-row-unique-0\" type=\"text\/javascript\" class=\"vc_controls\">UNCODE.initRow(document.getElementById(\"row-unique-0\"));<\/script><\/div><\/div><\/div><div data-parent=\"true\" class=\"vc_row row-container\" id=\"row-unique-1\"><div class=\"row no-top-padding no-bottom-padding single-h-padding limit-width row-parent\"><div class=\"wpb_row row-inner\"><div class=\"wpb_column pos-top pos-center align_left align_center_mobile column_parent col-lg-12 half-internal-gutter\"><div class=\"uncol style-light font-165032\"  ><div class=\"uncoltable\"><div class=\"uncell\" ><div class=\"uncont no-block-padding col-custom-width\" style=\" max-width:804px;\" ><div class=\"uncode_text_column text-lead\" ><p>El tuno indio es originario de <strong>M\u00e9xico y Am\u00e9rica Central<\/strong>, donde ha sido cultivado desde tiempos precolombinos por civilizaciones como los aztecas y los mayas. Su cultivo y uso se extendi\u00f3 con la colonizaci\u00f3n espa\u00f1ola a otras partes del mundo, especialmente el <strong>Mediterr\u00e1neo, \u00c1frica y Asia<\/strong>.<\/p>\n<p>Uno de los relatos m\u00e1s famosos sobre el tuno indio es la leyenda de la <strong>fundaci\u00f3n de Tenochtitl\u00e1n<\/strong>, la capital del Imperio Azteca, que hoy es Ciudad de M\u00e9xico. Seg\u00fan la profec\u00eda de Huitzilopochtli, el pueblo deb\u00eda establecerse donde encontraran un \u00e1guila devorando una serpiente sobre un nopal. Este s\u00edmbolo sigue presente en la bandera de M\u00e9xico.<\/p>\n<p>Con la llegada de los espa\u00f1oles, la planta se llev\u00f3 a Europa y luego a \u00c1frica y Asia. En Canarias, se adapt\u00f3 muy bien al clima \u00e1rido y comenz\u00f3 a cultivarse para la producci\u00f3n de cochinilla, un insecto utilizado para obtener un tinte rojo natural.<\/p>\n<p>\n<\/div><\/div><\/div><\/div><\/div><\/div><script id=\"script-row-unique-1\" data-row=\"script-row-unique-1\" type=\"text\/javascript\" class=\"vc_controls\">UNCODE.initRow(document.getElementById(\"row-unique-1\"));<\/script><\/div><\/div><\/div><div data-parent=\"true\" class=\"vc_row row-container\" id=\"row-unique-2\"><div class=\"row no-top-padding triple-bottom-padding single-h-padding limit-width row-parent\"><div class=\"wpb_row row-inner\"><div class=\"wpb_column pos-top pos-center align_left align_center_mobile column_parent col-lg-12 double-internal-gutter\"><div class=\"uncol style-light font-165032\"  ><div class=\"uncoltable\"><div class=\"uncell\" ><div class=\"uncont no-block-padding col-custom-width\" style=\" max-width:804px;\" ><div class=\"empty-space empty-half\" ><span class=\"empty-space-inner\"><\/span><\/div>\n<div class=\"vc_row row-internal row-container\"><div class=\"row row-child\"><div class=\"wpb_row row-inner\"><div class=\"wpb_column pos-top pos-center align_center column_child col-lg-12 half-internal-gutter\"><div class=\"uncol style-light\" ><div class=\"uncoltable\"><div class=\"uncell no-block-padding\" ><div class=\"uncont\" ><div class=\"vc_custom_heading_wrap\"><div class=\"heading-text el-text\" ><h1 class=\"h1 font-weight-400\" ><span><strong>\ud83c\udf3f Usos Tradicionales y Modernos<\/strong><\/span><\/h1><\/div><div class=\"clear\"><\/div><\/div><\/div><\/div><\/div><\/div><\/div><\/div><\/div><\/div><div class=\"uncode_text_column text-lead\" ><p>El tuno indio ha sido utilizado en diversas culturas por sus m\u00faltiples beneficios:<\/p>\n<p>\u2705 <strong>Alimentaci\u00f3n:<\/strong> Su fruto es una fuente rica en fibra, antioxidantes y vitaminas. Se consume fresco, en zumos, mermeladas y postres.<\/p>\n<p>\u2705 <strong>Complemento alimentario:<\/strong> En Am\u00e9rica Latina, se ha usado para tratar problemas digestivos, controlar el az\u00facar en sangre y reforzar el sistema inmunol\u00f3gico. Conocido como \u00abEl rey de los frutos\u00bb.<\/p>\n<p>\u2705 <strong>Cosm\u00e9tica y Farmacia:<\/strong> Sus propiedades antioxidantes han impulsado su uso en cremas, jabones y productos para el cuidado de la piel.<\/p>\n<p>\u2705 <strong>Producci\u00f3n de Cochinilla:<\/strong> En Canarias, el tuno indio se cultiv\u00f3 extensamente en los siglos XVIII y XIX para la cr\u00eda de la cochinilla (<em>Dactylopius coccus<\/em>), un insecto del que se extrae el tinte carm\u00edn, muy valorado en la industria textil y cosm\u00e9tica.<\/p>\n<\/div><\/div><\/div><\/div><\/div><\/div><script id=\"script-row-unique-2\" data-row=\"script-row-unique-2\" type=\"text\/javascript\" class=\"vc_controls\">UNCODE.initRow(document.getElementById(\"row-unique-2\"));<\/script><\/div><\/div><\/div><div data-parent=\"true\" class=\"vc_row row-container\" id=\"row-unique-3\"><div class=\"row no-top-padding triple-bottom-padding single-h-padding limit-width row-parent\"><div class=\"wpb_row row-inner\"><div class=\"wpb_column pos-top pos-center align_left align_center_mobile column_parent col-lg-12 double-internal-gutter\"><div class=\"uncol style-light font-165032\"  ><div class=\"uncoltable\"><div class=\"uncell\" ><div class=\"uncont no-block-padding col-custom-width\" style=\" max-width:804px;\" ><div class=\"vc_row row-internal row-container\"><div class=\"row row-child\"><div class=\"wpb_row row-inner\"><div class=\"wpb_column pos-top pos-center align_center column_child col-lg-12 half-internal-gutter\"><div class=\"uncol style-light\" ><div class=\"uncoltable\"><div class=\"uncell no-block-padding\" ><div class=\"uncont\" ><div class=\"vc_custom_heading_wrap\"><div class=\"heading-text el-text\" ><h1 class=\"h1 font-weight-400\" ><span><strong>\ud83c\udf31 Sostenibilidad y Futuro del Tuno Indio<\/strong><\/span><\/h1><\/div><div class=\"clear\"><\/div><\/div><\/div><\/div><\/div><\/div><\/div><\/div><\/div><\/div><div class=\"uncode_text_column text-lead\" ><p>El tuno indio es una de las plantas m\u00e1s sostenibles del mundo por varias razones:<\/p>\n<p>\ud83c\udf35 <strong>Bajo consumo de agua:<\/strong> Crece en zonas \u00e1ridas sin necesidad de riego frecuente.<br \/>\n\ud83c\udf1e <strong>Resiste sequ\u00edas extremas:<\/strong> Ideal para la adaptaci\u00f3n al cambio clim\u00e1tico.<br \/>\n\ud83c\udf43 <strong>Evita la erosi\u00f3n del suelo:<\/strong> Sus ra\u00edces ayudan a estabilizar terrenos fr\u00e1giles.<br \/>\n\ud83c\udf0d <strong>Captura CO\u2082:<\/strong> Contribuye a la reducci\u00f3n de gases de efecto invernadero.<\/p>\n<p>Por estas razones, el tuno indio est\u00e1 siendo promovido como un <strong>cultivo clave para la seguridad alimentaria y la sostenibilidad en el futuro<\/strong>.<\/p>\n<\/div><\/div><\/div><\/div><\/div><\/div><script id=\"script-row-unique-3\" data-row=\"script-row-unique-3\" type=\"text\/javascript\" class=\"vc_controls\">UNCODE.initRow(document.getElementById(\"row-unique-3\"));<\/script><\/div><\/div><\/div><div data-parent=\"true\" class=\"vc_row row-container\" id=\"row-unique-4\"><div class=\"row no-top-padding triple-bottom-padding single-h-padding limit-width row-parent\"><div class=\"wpb_row row-inner\"><div class=\"wpb_column pos-top pos-center align_left align_center_mobile column_parent col-lg-12 double-internal-gutter\"><div class=\"uncol style-light font-165032\"  ><div class=\"uncoltable\"><div class=\"uncell\" ><div class=\"uncont no-block-padding col-custom-width\" style=\" max-width:804px;\" ><div class=\"vc_row row-internal row-container\"><div class=\"row row-child\"><div class=\"wpb_row row-inner\"><div class=\"wpb_column pos-top pos-center align_center column_child col-lg-12 half-internal-gutter\"><div class=\"uncol style-light\" ><div class=\"uncoltable\"><div class=\"uncell no-block-padding\" ><div class=\"uncont\" ><div class=\"vc_custom_heading_wrap\"><div class=\"heading-text el-text\" ><h1 class=\"h1 font-weight-400\" ><span><strong>\ud83d\udca1 Beneficios para la Salud<\/strong><\/span><\/h1><\/div><div class=\"clear\"><\/div><\/div><\/div><\/div><\/div><\/div><\/div><\/div><\/div><\/div><div class=\"uncode_text_column text-lead\" ><p>\u2705 <strong>Regula el az\u00facar en sangre<\/strong>: Ideal para diab\u00e9ticos por su capacidad de reducir la absorci\u00f3n de glucosa.<br \/>\n\u2705 <strong>Protege el coraz\u00f3n<\/strong>: Su contenido en antioxidantes y potasio ayuda a controlar la presi\u00f3n arterial.<br \/>\n\u2705 <strong>Refuerza el sistema inmunol\u00f3gico<\/strong>: Su alto contenido en vitamina C combate infecciones y reduce la inflamaci\u00f3n.<br \/>\n\u2705 <strong>Antioxidante natural<\/strong>: Sus flavonoides y betala\u00ednas combaten el envejecimiento celular.<br \/>\n\u2705 <strong>Favorece la digesti\u00f3n<\/strong>: La fibra mejora el tr\u00e1nsito intestinal y previene el estre\u00f1imiento.<br \/>\n\u2705 <strong>Desintoxicante<\/strong>: Su alto contenido en agua y fibra ayuda a eliminar toxinas del cuerpo.<\/p>\n<\/div><\/div><\/div><\/div><\/div><\/div><script id=\"script-row-unique-4\" data-row=\"script-row-unique-4\" type=\"text\/javascript\" class=\"vc_controls\">UNCODE.initRow(document.getElementById(\"row-unique-4\"));<\/script><\/div><\/div><\/div>\n<\/div>","protected":false},"excerpt":{"rendered":"Tuno IndioOpuntia ficus-indica, tambi\u00e9n conocido como nopal, chumbera o higo chumbo, es una planta cact\u00e1cea de gran importancia ecol\u00f3gica, nutricional [...]","protected":false},"author":1,"featured_media":0,"parent":0,"menu_order":0,"comment_status":"closed","ping_status":"closed","template":"","meta":{"footnotes":""},"class_list":["post-155977","page","type-page","status-publish","hentry"],"_links":{"self":[{"href":"https:\/\/preparadosleo.com\/en\/wp-json\/wp\/v2\/pages\/155977","targetHints":{"allow":["GET"]}}],"collection":[{"href":"https:\/\/preparadosleo.com\/en\/wp-json\/wp\/v2\/pages"}],"about":[{"href":"https:\/\/preparadosleo.com\/en\/wp-json\/wp\/v2\/types\/page"}],"author":[{"embeddable":true,"href":"https:\/\/preparadosleo.com\/en\/wp-json\/wp\/v2\/users\/1"}],"replies":[{"embeddable":true,"href":"https:\/\/preparadosleo.com\/en\/wp-json\/wp\/v2\/comments?post=155977"}],"version-history":[{"count":9,"href":"https:\/\/preparadosleo.com\/en\/wp-json\/wp\/v2\/pages\/155977\/revisions"}],"predecessor-version":[{"id":156029,"href":"https:\/\/preparadosleo.com\/en\/wp-json\/wp\/v2\/pages\/155977\/revisions\/156029"}],"wp:attachment":[{"href":"https:\/\/preparadosleo.com\/en\/wp-json\/wp\/v2\/media?parent=155977"}],"curies":[{"name":"wp","href":"https:\/\/api.w.org\/{rel}","templated":true}]}}